{"id":1968,"date":"2026-01-20T15:04:45","date_gmt":"2026-01-20T15:04:45","guid":{"rendered":"https:\/\/neuroexzellenz.de\/?post_type=product&#038;p=1968"},"modified":"2026-03-19T07:16:23","modified_gmt":"2026-03-19T07:16:23","slug":"reifegrad-check-wo-stehst-du-in-deinem-projekt","status":"publish","type":"product","link":"https:\/\/neuroexzellenz.de\/en\/produkt\/reifegrad-check-wo-stehst-du-in-deinem-projekt\/","title":{"rendered":"Kostenlos: Change-Situationsanalyse"},"content":{"rendered":"\t\t<div data-elementor-type=\"product-post\" data-elementor-id=\"1968\" class=\"elementor elementor-1968\" data-elementor-post-type=\"product\">\n\t\t\t\t<div class=\"elementor-element elementor-element-0a10c91 e-con-full e-flex e-con e-parent\" data-id=\"0a10c91\" data-element_type=\"container\" data-e-type=\"container\" data-settings=\"{&quot;background_background&quot;:&quot;classic&quot;}\">\n\t\t\t\t<div class=\"elementor-element elementor-element-85bbc69 elementor-widget elementor-widget-text-editor\" data-id=\"85bbc69\" data-element_type=\"widget\" data-e-type=\"widget\" data-widget_type=\"text-editor.default\">\n\t\t\t\t\t\t\t\t\t<p data-start=\"970\" data-end=\"1172\">Change scheitert selten an der Idee \u2013 fast immer an fehlender Klarheit im System: Was ist wirklich los? Wer ist betroffen? Wo sitzt der Widerstand? Welche Risiken sind real \u2013 und welche nur Bauchgef\u00fchl?<\/p><p data-start=\"1174\" data-end=\"1578\">Mit dieser <strong data-start=\"1185\" data-end=\"1230\">individuell anpassbaren Situationsanalyse<\/strong> bekommst du ein strukturiertes Dokument mit <strong data-start=\"1275\" data-end=\"1329\">leitenden Fragen, geclustert in thematische Bl\u00f6cke<\/strong>, das dich Schritt f\u00fcr Schritt durch die wichtigsten Perspektiven f\u00fchrt. Du kannst die Fragen <strong data-start=\"1423\" data-end=\"1481\">an dein Projekt, dein Unternehmen und deine Zielgruppe<\/strong> anpassen und hast am Ende eine belastbare Grundlage f\u00fcr Entscheidung, Kommunikation und Planung.<\/p><p data-start=\"1580\" data-end=\"1596\">\u00a0<\/p><p data-start=\"1580\" data-end=\"1596\"><strong data-start=\"1580\" data-end=\"1596\">Du bekommst:<\/strong><\/p><ul data-start=\"1597\" data-end=\"1943\"><li data-start=\"1597\" data-end=\"1697\"><p data-start=\"1599\" data-end=\"1697\">Eine klare Struktur, die dich schnell durch die Analyse f\u00fchrt<\/p><\/li><li data-start=\"1698\" data-end=\"1782\"><p data-start=\"1700\" data-end=\"1782\">Leitfragen, die blinde Flecken sichtbar machen (Menschen, Organisation, Umsetzung)<\/p><\/li><li data-start=\"1854\" data-end=\"1943\"><p data-start=\"1856\" data-end=\"1943\">Ein Format, das du f\u00fcr <strong data-start=\"1879\" data-end=\"1929\">Workshops, 1:1-Gespr\u00e4che oder Projekt-Kickoffs<\/strong> nutzen kannst.<\/p><\/li><\/ul><p data-start=\"1945\" data-end=\"1973\">\u00a0<\/p><p data-start=\"1945\" data-end=\"1973\"><strong data-start=\"1945\" data-end=\"1973\">Ideal f\u00fcr dich, wenn du\u2026<\/strong><\/p><ul data-start=\"1974\" data-end=\"2225\"><li data-start=\"1974\" data-end=\"2067\"><p data-start=\"1976\" data-end=\"2067\">einen Change startest oder stabilisieren musst (Transformation, Reorg, neue Prozesse\/Tools)<\/p><\/li><li data-start=\"2068\" data-end=\"2137\"><p data-start=\"2070\" data-end=\"2137\">Stakeholder-Alignment brauchst und Widerst\u00e4nde fr\u00fch erkennen willst<\/p><\/li><li data-start=\"2138\" data-end=\"2225\"><p data-start=\"2140\" data-end=\"2225\">eine schnelle, pragmatische Grundlage f\u00fcr Kommunikations- und Ma\u00dfnahmenplanung suchst.<\/p><\/li><\/ul><p data-start=\"2227\" data-end=\"2255\">\u00a0<\/p><p data-start=\"2227\" data-end=\"2255\"><strong data-start=\"2227\" data-end=\"2255\">So nutzt du die Vorlage:<\/strong><\/p><ol data-start=\"2256\" data-end=\"2450\"><li data-start=\"2256\" data-end=\"2311\"><p data-start=\"2259\" data-end=\"2311\">Block f\u00fcr Block durchgehen (alleine oder im Team)<\/p><\/li><li data-start=\"2312\" data-end=\"2379\"><p data-start=\"2315\" data-end=\"2379\">Antworten sichten und n\u00e4chste Schritte\u00a0ableiten.<\/p><\/li><\/ol><p data-start=\"2452\" data-end=\"2507\"><strong>Jetzt kostenlos downloaden und direkt anwenden.<\/strong><\/p>\t\t\t\t\t\t\t\t<\/div>\n\t\t\t\t<\/div>\n\t\t<div class=\"elementor-element elementor-element-0bac1c1 elementor-hidden-desktop elementor-hidden-tablet elementor-hidden-mobile e-flex e-con-boxed e-con e-parent\" data-id=\"0bac1c1\" data-element_type=\"container\" data-e-type=\"container\" data-settings=\"{&quot;background_background&quot;:&quot;classic&quot;}\">\n\t\t\t\t\t<div class=\"e-con-inner\">\n\t\t<div class=\"elementor-element elementor-element-1c5fb69 e-con-full e-flex e-con e-child\" data-id=\"1c5fb69\" data-element_type=\"container\" data-e-type=\"container\">\n\t\t\t\t<div class=\"elementor-element elementor-element-ab11ba5 elementor-view-default elementor-position-block-start elementor-mobile-position-block-start elementor-widget elementor-widget-icon-box\" data-id=\"ab11ba5\" data-element_type=\"widget\" data-e-type=\"widget\" data-widget_type=\"icon-box.default\">\n\t\t\t\t\t\t\t<div class=\"elementor-icon-box-wrapper\">\n\n\t\t\t\t\t\t<div class=\"elementor-icon-box-icon\">\n\t\t\t\t<span  class=\"elementor-icon\">\n\t\t\t\t<i aria-hidden=\"true\" class=\"icon icon-clock2\"><\/i>\t\t\t\t<\/span>\n\t\t\t<\/div>\n\t\t\t\n\t\t\t\t\t\t<div class=\"elementor-icon-box-content\">\n\n\t\t\t\t\t\t\t\t\t<h3 class=\"elementor-icon-box-title\">\n\t\t\t\t\t\t<span  >\n\t\t\t\t\t\t\tDuration\t\t\t\t\t\t<\/span>\n\t\t\t\t\t<\/h3>\n\t\t\t\t\n\t\t\t\t\t\t\t\t\t<p class=\"elementor-icon-box-description\">\n\t\t\t\t\t\t9 a.m. to 5 p.m.<br>(8 hours)\t\t\t\t\t<\/p>\n\t\t\t\t\n\t\t\t<\/div>\n\t\t\t\n\t\t<\/div>\n\t\t\t\t\t\t<\/div>\n\t\t\t\t<\/div>\n\t\t<div class=\"elementor-element elementor-element-187db83 e-con-full e-flex e-con e-child\" data-id=\"187db83\" data-element_type=\"container\" data-e-type=\"container\">\n\t\t\t\t<div class=\"elementor-element elementor-element-29b88f1 elementor-view-default elementor-position-block-start elementor-mobile-position-block-start elementor-widget elementor-widget-icon-box\" data-id=\"29b88f1\" data-element_type=\"widget\" data-e-type=\"widget\" data-widget_type=\"icon-box.default\">\n\t\t\t\t\t\t\t<div class=\"elementor-icon-box-wrapper\">\n\n\t\t\t\t\t\t<div class=\"elementor-icon-box-icon\">\n\t\t\t\t<span  class=\"elementor-icon\">\n\t\t\t\t<i aria-hidden=\"true\" class=\"icon icon-users\"><\/i>\t\t\t\t<\/span>\n\t\t\t<\/div>\n\t\t\t\n\t\t\t\t\t\t<div class=\"elementor-icon-box-content\">\n\n\t\t\t\t\t\t\t\t\t<h3 class=\"elementor-icon-box-title\">\n\t\t\t\t\t\t<span  >\n\t\t\t\t\t\t\tTarget group\t\t\t\t\t\t<\/span>\n\t\t\t\t\t<\/h3>\n\t\t\t\t\n\t\t\t\t\t\t\t\t\t<p class=\"elementor-icon-box-description\">\n\t\t\t\t\t\tProject managers, specialists and executives, internal change managers, project managers in change projects\t\t\t\t\t<\/p>\n\t\t\t\t\n\t\t\t<\/div>\n\t\t\t\n\t\t<\/div>\n\t\t\t\t\t\t<\/div>\n\t\t\t\t<\/div>\n\t\t<div class=\"elementor-element elementor-element-7d5c423 e-con-full e-flex e-con e-child\" data-id=\"7d5c423\" data-element_type=\"container\" data-e-type=\"container\">\n\t\t\t\t<div class=\"elementor-element elementor-element-c3764a3 elementor-view-default elementor-position-block-start elementor-mobile-position-block-start elementor-widget elementor-widget-icon-box\" data-id=\"c3764a3\" data-element_type=\"widget\" data-e-type=\"widget\" data-widget_type=\"icon-box.default\">\n\t\t\t\t\t\t\t<div class=\"elementor-icon-box-wrapper\">\n\n\t\t\t\t\t\t<div class=\"elementor-icon-box-icon\">\n\t\t\t\t<span  class=\"elementor-icon\">\n\t\t\t\t<i aria-hidden=\"true\" class=\"icon icon-brain\"><\/i>\t\t\t\t<\/span>\n\t\t\t<\/div>\n\t\t\t\n\t\t\t\t\t\t<div class=\"elementor-icon-box-content\">\n\n\t\t\t\t\t\t\t\t\t<h3 class=\"elementor-icon-box-title\">\n\t\t\t\t\t\t<span  >\n\t\t\t\t\t\t\tPrerequisite\t\t\t\t\t\t<\/span>\n\t\t\t\t\t<\/h3>\n\t\t\t\t\n\t\t\t\t\t\t\t\t\t<p class=\"elementor-icon-box-description\">\n\t\t\t\t\t\tYou should have a specific change project that we can go through in the workshop.\t\t\t\t\t<\/p>\n\t\t\t\t\n\t\t\t<\/div>\n\t\t\t\n\t\t<\/div>\n\t\t\t\t\t\t<\/div>\n\t\t\t\t<\/div>\n\t\t\t\t\t<\/div>\n\t\t\t\t<\/div>\n\t\t<div class=\"elementor-element elementor-element-5453212 e-flex e-con-boxed e-con e-parent\" data-id=\"5453212\" data-element_type=\"container\" data-e-type=\"container\">\n\t\t\t\t\t<div class=\"e-con-inner\">\n\t\t\t\t\t<\/div>\n\t\t\t\t<\/div>\n\t\t\t\t<\/div>\n\t\t","protected":false},"excerpt":{"rendered":"<p>Noch unsicher, wo du gerade stehst mit deinem Change-Vorhaben?<\/p>\n<p>Manchmal ist nicht das Problem, dass etwas schwierig ist, sondern dass unklar ist, wo man ansetzen muss. Genau daf\u00fcr habe ich einen kompakten Check entwickelt f\u00fcr eine schnelle Bestandsaufnahme. Anhand diverser Fragen, erh\u00e4ltst du eine Visualisierung, die dir hilft, deine aktuelle Situation einzuordnen, Priorit\u00e4ten zu kl\u00e4ren und die n\u00e4chsten sinnvollen Schritte zu erkennen.<\/p>\n<p>Es handelt sich um ein Excel-Dokument, das du individuell anpassen kannst (Farben,. Schriftart, weitere Spalten).<\/p>\n","protected":false},"featured_media":2111,"template":"","meta":[],"product_brand":[],"product_cat":[51],"product_tag":[77],"class_list":{"0":"post-1968","1":"product","2":"type-product","3":"status-publish","4":"has-post-thumbnail","6":"product_cat-vorlagen","7":"product_tag-vorlage","8":"product_shipping_class-kostenlos","10":"first","11":"instock","12":"purchasable","13":"product-type-variable"},"_links":{"self":[{"href":"https:\/\/neuroexzellenz.de\/en\/wp-json\/wp\/v2\/product\/1968","targetHints":{"allow":["GET"]}}],"collection":[{"href":"https:\/\/neuroexzellenz.de\/en\/wp-json\/wp\/v2\/product"}],"about":[{"href":"https:\/\/neuroexzellenz.de\/en\/wp-json\/wp\/v2\/types\/product"}],"version-history":[{"count":19,"href":"https:\/\/neuroexzellenz.de\/en\/wp-json\/wp\/v2\/product\/1968\/revisions"}],"predecessor-version":[{"id":2634,"href":"https:\/\/neuroexzellenz.de\/en\/wp-json\/wp\/v2\/product\/1968\/revisions\/2634"}],"wp:featuredmedia":[{"embeddable":true,"href":"https:\/\/neuroexzellenz.de\/en\/wp-json\/wp\/v2\/media\/2111"}],"wp:attachment":[{"href":"https:\/\/neuroexzellenz.de\/en\/wp-json\/wp\/v2\/media?parent=1968"}],"wp:term":[{"taxonomy":"product_brand","embeddable":true,"href":"https:\/\/neuroexzellenz.de\/en\/wp-json\/wp\/v2\/product_brand?post=1968"},{"taxonomy":"product_cat","embeddable":true,"href":"https:\/\/neuroexzellenz.de\/en\/wp-json\/wp\/v2\/product_cat?post=1968"},{"taxonomy":"product_tag","embeddable":true,"href":"https:\/\/neuroexzellenz.de\/en\/wp-json\/wp\/v2\/product_tag?post=1968"}],"curies":[{"name":"wp","href":"https:\/\/api.w.org\/{rel}","templated":true}]}}