{"id":1737,"date":"2026-01-10T12:32:29","date_gmt":"2026-01-10T12:32:29","guid":{"rendered":"https:\/\/neuroexzellenz.de\/produkt\/bundle-change-project-management-management-consulting-style\/"},"modified":"2026-03-29T13:27:35","modified_gmt":"2026-03-29T13:27:35","slug":"bundle-change-projekt-management-consulting-style","status":"publish","type":"product","link":"https:\/\/neuroexzellenz.de\/en\/produkt\/bundle-change-projekt-management-consulting-style\/","title":{"rendered":"Change &#038; Projektmanagement Werkzeugkoffer"},"content":{"rendered":"\t\t<div data-elementor-type=\"product-post\" data-elementor-id=\"1737\" class=\"elementor elementor-1737\" data-elementor-post-type=\"product\">\n\t\t\t\t<div class=\"elementor-element elementor-element-0a10c91 e-con-full e-flex e-con e-parent\" data-id=\"0a10c91\" data-element_type=\"container\" data-e-type=\"container\" data-settings=\"{&quot;background_background&quot;:&quot;classic&quot;}\">\n\t\t\t\t<div class=\"elementor-element elementor-element-85bbc69 elementor-widget elementor-widget-text-editor\" data-id=\"85bbc69\" data-element_type=\"widget\" data-e-type=\"widget\" data-widget_type=\"text-editor.default\">\n\t\t\t\t\t\t\t\t\t<p><span style=\"caret-color: #000000; color: #000000;\" data-start=\"0\" data-end=\"205\" data-is-only-node=\"\">Dieses PowerPoint-Paket besteht aus <strong>knapp 100 Folien.<\/strong><\/span><\/p><p><span data-start=\"0\" data-end=\"205\" data-is-only-node=\"\"><span style=\"color: #000000;\"><span style=\"caret-color: #000000;\">Neben fertigen <\/span><\/span><strong><span style=\"color: #000000;\"><span style=\"caret-color: #000000;\">Foliendesigns, <\/span><\/span><\/strong><span style=\"color: #000000;\"><span style=\"caret-color: #000000;\">findest du auch<\/span><\/span><strong><span style=\"color: #000000;\"><span style=\"caret-color: #000000;\"> Tipps <\/span><\/span><\/strong><span style=\"color: #000000;\"><span style=\"caret-color: #000000;\">und<\/span><\/span><span style=\"color: #000000;\"><span style=\"caret-color: #000000;\"> erprobte<\/span><\/span><strong><span style=\"color: #000000;\"><span style=\"caret-color: #000000;\"> Frameworks<\/span><\/span><\/strong><span style=\"color: #000000;\"><span style=\"caret-color: #000000;\">, mit denen du deine Change-Initiativen und Projekte strukturiert aufsetzen, steuern und professionell kommunizieren kannst. <\/span><\/span><\/span><span data-start=\"0\" data-end=\"205\" data-is-only-node=\"\"><span style=\"color: #000000;\">Erg\u00e4nzend findest du viele Foliendesigns aus der Managementberatung, die sich \u00a0perfekt f\u00fcr Pr\u00e4sentation auf Managementebene eignen und dir viel <strong>Zeit sparen.<\/strong><\/span><\/span><\/p><p><span style=\"caret-color: #000000; color: #000000; font-size: medium;\">Alle Inhalte liegen im PowerPoint-Format vor und sind <strong>vollst\u00e4ndig editierbar:<\/strong> Farben und Schriften kannst du einfach anpassen.<\/span><\/p>\t\t\t\t\t\t\t\t<\/div>\n\t\t\t\t<\/div>\n\t\t<div class=\"elementor-element elementor-element-0bac1c1 elementor-hidden-desktop elementor-hidden-tablet elementor-hidden-mobile e-flex e-con-boxed e-con e-parent\" data-id=\"0bac1c1\" data-element_type=\"container\" data-e-type=\"container\" data-settings=\"{&quot;background_background&quot;:&quot;classic&quot;}\">\n\t\t\t\t\t<div class=\"e-con-inner\">\n\t\t<div class=\"elementor-element elementor-element-1c5fb69 e-con-full e-flex e-con e-child\" data-id=\"1c5fb69\" data-element_type=\"container\" data-e-type=\"container\">\n\t\t\t\t<div class=\"elementor-element elementor-element-ab11ba5 elementor-view-default elementor-position-block-start elementor-mobile-position-block-start elementor-widget elementor-widget-icon-box\" data-id=\"ab11ba5\" data-element_type=\"widget\" data-e-type=\"widget\" data-widget_type=\"icon-box.default\">\n\t\t\t\t\t\t\t<div class=\"elementor-icon-box-wrapper\">\n\n\t\t\t\t\t\t<div class=\"elementor-icon-box-icon\">\n\t\t\t\t<span  class=\"elementor-icon\">\n\t\t\t\t<i aria-hidden=\"true\" class=\"icon icon-clock2\"><\/i>\t\t\t\t<\/span>\n\t\t\t<\/div>\n\t\t\t\n\t\t\t\t\t\t<div class=\"elementor-icon-box-content\">\n\n\t\t\t\t\t\t\t\t\t<h3 class=\"elementor-icon-box-title\">\n\t\t\t\t\t\t<span  >\n\t\t\t\t\t\t\tDuration\t\t\t\t\t\t<\/span>\n\t\t\t\t\t<\/h3>\n\t\t\t\t\n\t\t\t\t\t\t\t\t\t<p class=\"elementor-icon-box-description\">\n\t\t\t\t\t\t9 a.m. to 5 p.m.<br>(8 hours)\t\t\t\t\t<\/p>\n\t\t\t\t\n\t\t\t<\/div>\n\t\t\t\n\t\t<\/div>\n\t\t\t\t\t\t<\/div>\n\t\t\t\t<\/div>\n\t\t<div class=\"elementor-element elementor-element-187db83 e-con-full e-flex e-con e-child\" data-id=\"187db83\" data-element_type=\"container\" data-e-type=\"container\">\n\t\t\t\t<div class=\"elementor-element elementor-element-29b88f1 elementor-view-default elementor-position-block-start elementor-mobile-position-block-start elementor-widget elementor-widget-icon-box\" data-id=\"29b88f1\" data-element_type=\"widget\" data-e-type=\"widget\" data-widget_type=\"icon-box.default\">\n\t\t\t\t\t\t\t<div class=\"elementor-icon-box-wrapper\">\n\n\t\t\t\t\t\t<div class=\"elementor-icon-box-icon\">\n\t\t\t\t<span  class=\"elementor-icon\">\n\t\t\t\t<i aria-hidden=\"true\" class=\"icon icon-users\"><\/i>\t\t\t\t<\/span>\n\t\t\t<\/div>\n\t\t\t\n\t\t\t\t\t\t<div class=\"elementor-icon-box-content\">\n\n\t\t\t\t\t\t\t\t\t<h3 class=\"elementor-icon-box-title\">\n\t\t\t\t\t\t<span  >\n\t\t\t\t\t\t\tTarget group\t\t\t\t\t\t<\/span>\n\t\t\t\t\t<\/h3>\n\t\t\t\t\n\t\t\t\t\t\t\t\t\t<p class=\"elementor-icon-box-description\">\n\t\t\t\t\t\tProject managers, specialists and executives, internal change managers, project managers in change projects\t\t\t\t\t<\/p>\n\t\t\t\t\n\t\t\t<\/div>\n\t\t\t\n\t\t<\/div>\n\t\t\t\t\t\t<\/div>\n\t\t\t\t<\/div>\n\t\t<div class=\"elementor-element elementor-element-7d5c423 e-con-full e-flex e-con e-child\" data-id=\"7d5c423\" data-element_type=\"container\" data-e-type=\"container\">\n\t\t\t\t<div class=\"elementor-element elementor-element-c3764a3 elementor-view-default elementor-position-block-start elementor-mobile-position-block-start elementor-widget elementor-widget-icon-box\" data-id=\"c3764a3\" data-element_type=\"widget\" data-e-type=\"widget\" data-widget_type=\"icon-box.default\">\n\t\t\t\t\t\t\t<div class=\"elementor-icon-box-wrapper\">\n\n\t\t\t\t\t\t<div class=\"elementor-icon-box-icon\">\n\t\t\t\t<span  class=\"elementor-icon\">\n\t\t\t\t<i aria-hidden=\"true\" class=\"icon icon-brain\"><\/i>\t\t\t\t<\/span>\n\t\t\t<\/div>\n\t\t\t\n\t\t\t\t\t\t<div class=\"elementor-icon-box-content\">\n\n\t\t\t\t\t\t\t\t\t<h3 class=\"elementor-icon-box-title\">\n\t\t\t\t\t\t<span  >\n\t\t\t\t\t\t\tPrerequisite\t\t\t\t\t\t<\/span>\n\t\t\t\t\t<\/h3>\n\t\t\t\t\n\t\t\t\t\t\t\t\t\t<p class=\"elementor-icon-box-description\">\n\t\t\t\t\t\tYou should have a specific change project that we can go through in the workshop.\t\t\t\t\t<\/p>\n\t\t\t\t\n\t\t\t<\/div>\n\t\t\t\n\t\t<\/div>\n\t\t\t\t\t\t<\/div>\n\t\t\t\t<\/div>\n\t\t\t\t\t<\/div>\n\t\t\t\t<\/div>\n\t\t<div class=\"elementor-element elementor-element-5453212 e-flex e-con-boxed e-con e-parent\" data-id=\"5453212\" data-element_type=\"container\" data-e-type=\"container\">\n\t\t\t\t\t<div class=\"e-con-inner\">\n\t\t\t\t<div class=\"elementor-element elementor-element-633b471 elementor-widget elementor-widget-heading\" data-id=\"633b471\" data-element_type=\"widget\" data-e-type=\"widget\" data-widget_type=\"heading.default\">\n\t\t\t\t\t<h3 class=\"elementor-heading-title elementor-size-default\">Was ist enthalten?<\/h3>\t\t\t\t<\/div>\n\t\t\t\t<div class=\"elementor-element elementor-element-29ee88d elementor-widget elementor-widget-text-editor\" data-id=\"29ee88d\" data-element_type=\"widget\" data-e-type=\"widget\" data-widget_type=\"text-editor.default\">\n\t\t\t\t\t\t\t\t\t<h5><span style=\"color: #ff0000;\"><strong>1. Change Management Vorlagen<\/strong><\/span><\/h5><ul><li data-start=\"54\" data-end=\"135\"><p data-start=\"56\" data-end=\"135\"><strong data-start=\"56\" data-end=\"86\">Impact-Analyse des Changes<\/strong> (betroffene Gruppen nach Faktoren &amp; Bereichen)<\/p><\/li><li data-start=\"136\" data-end=\"204\"><p data-start=\"138\" data-end=\"204\"><strong data-start=\"138\" data-end=\"155\">Change Canvas<\/strong><\/p><\/li><li data-start=\"205\" data-end=\"283\"><p data-start=\"207\" data-end=\"283\"><strong data-start=\"207\" data-end=\"256\">Priorisierung von Change-Projekten\/-Ma\u00dfnahmen<\/strong><\/p><\/li><li data-start=\"284\" data-end=\"324\"><p data-start=\"286\" data-end=\"324\"><strong data-start=\"286\" data-end=\"322\">Risikopriorisierung<\/strong><\/p><\/li><li data-start=\"325\" data-end=\"370\"><p data-start=\"327\" data-end=\"370\"><strong data-start=\"327\" data-end=\"368\">Rollen &amp; Verantwortlichkeiten (RASCI)<\/strong><\/p><\/li><li data-start=\"371\" data-end=\"427\"><p data-start=\"373\" data-end=\"427\"><strong data-start=\"373\" data-end=\"425\">Stakeholder-\u00dcbersicht\u00a0<\/strong><\/p><\/li><li data-start=\"428\" data-end=\"461\"><p data-start=\"430\" data-end=\"461\"><strong data-start=\"430\" data-end=\"459\">Change-Roadmap<\/strong><\/p><\/li><li data-start=\"462\" data-end=\"506\"><p data-start=\"464\" data-end=\"506\"><strong data-start=\"464\" data-end=\"504\">Kommunikationsplan<\/strong><\/p><\/li><li data-start=\"507\" data-end=\"542\"><p data-start=\"509\" data-end=\"542\"><strong data-start=\"509\" data-end=\"540\">Statusbericht (Ampel-Logik)<\/strong><\/p><\/li><li data-start=\"507\" data-end=\"542\"><p data-start=\"509\" data-end=\"542\"><strong data-start=\"545\" data-end=\"562\">Praxis-Tipps.<\/strong><\/p><\/li><\/ul>\t\t\t\t\t\t\t\t<\/div>\n\t\t\t\t<div class=\"elementor-element elementor-element-1bead72 elementor-widget elementor-widget-text-editor\" data-id=\"1bead72\" data-element_type=\"widget\" data-e-type=\"widget\" data-widget_type=\"text-editor.default\">\n\t\t\t\t\t\t\t\t\t<h5><span style=\"color: #ff0000;\"><strong>2. Projektmanagement Vorlagen<\/strong><\/span><\/h5><ul><li data-start=\"46\" data-end=\"93\"><p data-start=\"48\" data-end=\"93\"><strong data-start=\"48\" data-end=\"91\">Projektpriorisierung<\/strong><\/p><\/li><li data-start=\"94\" data-end=\"157\"><p data-start=\"96\" data-end=\"157\"><strong data-start=\"96\" data-end=\"115\">Project Charter \/ Projektauftrag<\/strong><\/p><\/li><li data-start=\"186\" data-end=\"238\"><p data-start=\"188\" data-end=\"238\"><strong data-start=\"188\" data-end=\"211\">Stakeholder-Analyse<\/strong><\/p><\/li><li data-start=\"239\" data-end=\"307\"><p data-start=\"241\" data-end=\"307\"><strong data-start=\"241\" data-end=\"288\">Projektorganisation<\/strong><\/p><\/li><li data-start=\"308\" data-end=\"349\"><p data-start=\"310\" data-end=\"349\"><strong data-start=\"310\" data-end=\"347\">\u00dcbersicht Workstreams \/ Arbeitspakete<\/strong><\/p><\/li><li data-start=\"350\" data-end=\"384\"><p data-start=\"352\" data-end=\"384\"><strong data-start=\"352\" data-end=\"382\">Zeit- &amp; Meilensteinplanung<\/strong><\/p><\/li><li data-start=\"385\" data-end=\"414\"><p data-start=\"387\" data-end=\"414\"><strong data-start=\"387\" data-end=\"412\">Risiko\u00fcbersicht<\/strong><\/p><\/li><li data-start=\"415\" data-end=\"436\"><p data-start=\"417\" data-end=\"436\"><strong data-start=\"417\" data-end=\"434\">Statusbericht.<\/strong><\/p><\/li><\/ul>\t\t\t\t\t\t\t\t<\/div>\n\t\t\t\t<div class=\"elementor-element elementor-element-8556353 elementor-widget elementor-widget-text-editor\" data-id=\"8556353\" data-element_type=\"widget\" data-e-type=\"widget\" data-widget_type=\"text-editor.default\">\n\t\t\t\t\t\t\t\t\t<h5><strong><span style=\"color: #ff0000;\">3. Weitere Vorlagen, u.a.\u00a0<\/span><\/strong><\/h5><ul><li data-start=\"46\" data-end=\"124\"><p data-start=\"48\" data-end=\"124\"><strong data-start=\"48\" data-end=\"122\">Agenda<\/strong><\/p><\/li><li data-start=\"46\" data-end=\"124\"><p data-start=\"48\" data-end=\"124\"><strong data-start=\"48\" data-end=\"122\">Management Summary<\/strong><\/p><\/li><li data-start=\"46\" data-end=\"124\"><p data-start=\"48\" data-end=\"124\"><strong data-start=\"48\" data-end=\"122\">Ausgangslage \/ Zielbild<\/strong><\/p><\/li><li data-start=\"125\" data-end=\"193\"><p data-start=\"127\" data-end=\"193\"><strong data-start=\"127\" data-end=\"191\">OKRs<\/strong><\/p><\/li><li data-start=\"125\" data-end=\"193\"><p data-start=\"127\" data-end=\"193\"><strong data-start=\"127\" data-end=\"191\">Diverse \u00a0Vorlagen f\u00fcr Diagramme<\/strong><\/p><\/li><li data-start=\"125\" data-end=\"193\"><p data-start=\"127\" data-end=\"193\"><strong data-start=\"127\" data-end=\"191\">Problembaum<\/strong><\/p><\/li><li data-start=\"194\" data-end=\"252\"><p data-start=\"196\" data-end=\"252\"><strong data-start=\"196\" data-end=\"250\">Prozessdarstellung<\/strong><\/p><\/li><li data-start=\"194\" data-end=\"252\"><p data-start=\"196\" data-end=\"252\"><strong data-start=\"196\" data-end=\"250\">SIPOC<\/strong><\/p><\/li><li data-start=\"194\" data-end=\"252\"><p data-start=\"196\" data-end=\"252\"><strong data-start=\"196\" data-end=\"250\">Customer Journey<\/strong><\/p><\/li><li data-start=\"253\" data-end=\"290\" data-is-last-node=\"\"><p data-start=\"255\" data-end=\"290\" data-is-last-node=\"\"><strong data-start=\"255\" data-end=\"290\" data-is-last-node=\"\">Icons<\/strong><\/p><\/li><li data-start=\"253\" data-end=\"290\" data-is-last-node=\"\"><p data-start=\"255\" data-end=\"290\" data-is-last-node=\"\"><strong data-start=\"255\" data-end=\"290\" data-is-last-node=\"\">Weltkarten<\/strong><\/p><\/li><li data-start=\"253\" data-end=\"290\" data-is-last-node=\"\"><strong>L\u00e4nderflaggen<\/strong><\/li><\/ul>\t\t\t\t\t\t\t\t<\/div>\n\t\t\t\t<div class=\"elementor-element elementor-element-b39a359 elementor-widget elementor-widget-text-editor\" data-id=\"b39a359\" data-element_type=\"widget\" data-e-type=\"widget\" data-widget_type=\"text-editor.default\">\n\t\t\t\t\t\t\t\t\t<h5><span style=\"color: #ff0000;\"><strong>F\u00fcr wen ist dieses Bundle?<\/strong><\/span><\/h5><p>F\u00fcr alle, die schneller professionelle Folien erstellen wollen: Projektleiter, PMO, F\u00fchrungskr\u00e4fte, Change Manager, interne Berater und alle, die Inhalte f\u00fcr das Management aufbereiten m\u00fcssen und Zeit sparen m\u00f6chten.<\/p>\t\t\t\t\t\t\t\t<\/div>\n\t\t\t\t\t<\/div>\n\t\t\t\t<\/div>\n\t\t\t\t<\/div>\n\t\t","protected":false},"excerpt":{"rendered":"<p>Alles, was du f\u00fcr Aufbau, Steuerung und Kommunikation von Projekten und Change-Initiativen brauchst: praxiserprobte Folienlayouts, hilfreiche Frameworks und Tipps in einem PowerPoint-Paket, bestehend aus knapp 100 Folien.<\/p>\n<p>Dieses Vorlagen-Paket ist auf <strong>Deutsch und Englisch<\/strong> erh\u00e4ltlich.<\/p>\n<p>Alle Folien sind <strong>editierbar<\/strong> (Schriftart und Farben).<\/p>\n","protected":false},"featured_media":2119,"template":"","meta":[],"product_brand":[],"product_cat":[51],"product_tag":[80,79,81,88,78],"class_list":{"0":"post-1737","1":"product","2":"type-product","3":"status-publish","4":"has-post-thumbnail","6":"product_cat-vorlagen","7":"product_tag-beraterfolien","8":"product_tag-change-management","9":"product_tag-managementfolien","10":"product_tag-powerpoint-folien","11":"product_tag-projektmanagement","13":"first","14":"instock","15":"taxable","16":"shipping-taxable","17":"purchasable","18":"product-type-variable"},"_links":{"self":[{"href":"https:\/\/neuroexzellenz.de\/en\/wp-json\/wp\/v2\/product\/1737","targetHints":{"allow":["GET"]}}],"collection":[{"href":"https:\/\/neuroexzellenz.de\/en\/wp-json\/wp\/v2\/product"}],"about":[{"href":"https:\/\/neuroexzellenz.de\/en\/wp-json\/wp\/v2\/types\/product"}],"version-history":[{"count":24,"href":"https:\/\/neuroexzellenz.de\/en\/wp-json\/wp\/v2\/product\/1737\/revisions"}],"predecessor-version":[{"id":2807,"href":"https:\/\/neuroexzellenz.de\/en\/wp-json\/wp\/v2\/product\/1737\/revisions\/2807"}],"wp:featuredmedia":[{"embeddable":true,"href":"https:\/\/neuroexzellenz.de\/en\/wp-json\/wp\/v2\/media\/2119"}],"wp:attachment":[{"href":"https:\/\/neuroexzellenz.de\/en\/wp-json\/wp\/v2\/media?parent=1737"}],"wp:term":[{"taxonomy":"product_brand","embeddable":true,"href":"https:\/\/neuroexzellenz.de\/en\/wp-json\/wp\/v2\/product_brand?post=1737"},{"taxonomy":"product_cat","embeddable":true,"href":"https:\/\/neuroexzellenz.de\/en\/wp-json\/wp\/v2\/product_cat?post=1737"},{"taxonomy":"product_tag","embeddable":true,"href":"https:\/\/neuroexzellenz.de\/en\/wp-json\/wp\/v2\/product_tag?post=1737"}],"curies":[{"name":"wp","href":"https:\/\/api.w.org\/{rel}","templated":true}]}}