{"id":1422,"date":"2026-01-03T19:26:51","date_gmt":"2026-01-03T19:26:51","guid":{"rendered":"https:\/\/neuroexzellenz.de\/agb\/"},"modified":"2026-04-24T18:43:25","modified_gmt":"2026-04-24T18:43:25","slug":"agb","status":"publish","type":"page","link":"https:\/\/neuroexzellenz.de\/en\/agb\/","title":{"rendered":"AGB"},"content":{"rendered":"\t\t<div data-elementor-type=\"wp-page\" data-elementor-id=\"1422\" class=\"elementor elementor-1422\" data-elementor-post-type=\"page\">\n\t\t\t\t<div class=\"elementor-element elementor-element-096b94d e-flex e-con-boxed e-con e-parent\" data-id=\"096b94d\" data-element_type=\"container\" data-e-type=\"container\">\n\t\t\t\t\t<div class=\"e-con-inner\">\n\t\t\t\t<div class=\"elementor-element elementor-element-e740f69 elementor-hidden-desktop elementor-hidden-tablet elementor-hidden-mobile elementor-widget elementor-widget-html\" data-id=\"e740f69\" data-element_type=\"widget\" data-e-type=\"widget\" data-widget_type=\"html.default\">\n\t\t\t\t\t<div class=\"itrk-legaltext\"\r\n     data-itrk-legaltext-url=\"https:\/\/itrk.legal\/1uRC.2Y.13U4-informal-iframe.html\">\r\n<\/div>\r\n\r\n<script src=\"https:\/\/www.it-recht-kanzlei.de\/js\/itrk-legaltext.js\"><\/script>\r\n\t\t\t\t<\/div>\n\t\t<div class=\"elementor-element elementor-element-f86aaf0 e-con-full e-flex e-con e-child\" data-id=\"f86aaf0\" data-element_type=\"container\" data-e-type=\"container\">\n\t\t\t\t<div class=\"elementor-element elementor-element-ff2736c elementor-widget elementor-widget-text-editor\" data-id=\"ff2736c\" data-element_type=\"widget\" data-e-type=\"widget\" data-widget_type=\"text-editor.default\">\n\t\t\t\t\t\t\t\t\t<p>Inhaltsverzeichnis<br>\u2013\u2013\u2013\u2013\u2013\u2013\u2013\u2013\u2013\u2013\u2013\u2013\u2013\u2013\u2013\u2013\u2013\u2013<br>1. Geltungsbereich<br>2. Vertragsschluss<br>3. Widerrufsrecht<br>4. Preise und Zahlungsbedingungen<br>5. Liefer- und Versandbedingungen<br>6. Einr\u00e4umung von Nutzungsrechten f\u00fcr digitale Inhalte<br>7. Eigentumsvorbehalt<br>8. M\u00e4ngelhaftung (Gew\u00e4hrleistung)<br>9. Haftung<br>10. Anwendbares Recht<br>11. Alternative Streitbeilegung<\/p>\n<p>1) Geltungsbereich<br>1.1 Diese Allgemeinen Gesch\u00e4ftsbedingungen (nachfolgend &#8220;AGB&#8221;) der Nadine Roggensack, handelnd unter \u201eUnternehmensberatung Nadine Roggensack\u201c (nachfolgend &#8220;wir\/uns&#8221;), gelten f\u00fcr alle Vertr\u00e4ge zur Lieferung von Waren, die du als Verbraucher oder Unternehmer (nachfolgend \u201edu\/dich\u201c) mit uns hinsichtlich der von uns in unserem Online-Shop dargestellten Waren abschlie\u00dft. Hiermit widersprechen wir der Einbeziehung deiner eigenen Bedingungen, es sei denn, wir haben etwas anderes mit dir vereinbart.<br>1.2 F\u00fcr Vertr\u00e4ge zur Lieferung von Tickets gelten diese AGB entsprechend, sofern insoweit nicht ausdr\u00fccklich etwas Abweichendes geregelt ist. Dabei regeln diese AGB lediglich den Verkauf von Tickets f\u00fcr bestimmte, in unserer Artikelbeschreibung n\u00e4her bezeichnete Veranstaltungen und nicht die Durchf\u00fchrung dieser Veranstaltungen. F\u00fcr die Durchf\u00fchrung der Veranstaltungen gelten ausschlie\u00dflich die gesetzlichen Bestimmungen im Verh\u00e4ltnis zwischen dir und dem Veranstalter sowie ggf. hiervon abweichende Bedingungen des Veranstalters. Sofern wir nicht zugleich auch Veranstalter sind, haften wir nicht f\u00fcr die ordnungsgem\u00e4\u00dfe Durchf\u00fchrung der Veranstaltung, f\u00fcr die ausschlie\u00dflich der jeweilige Veranstalter verantwortlich ist.<br>1.3 F\u00fcr Vertr\u00e4ge zur Bereitstellung von digitalen Inhalten gelten diese AGB entsprechend, sofern insoweit nicht etwas Abweichendes geregelt ist. Digitale Inhalte im Sinne dieser AGB sind Daten, die in digitaler Form erstellt und bereitgestellt werden.<br>1.4 Verbraucher im Sinne dieser AGB bist du, wenn du ein Rechtsgesch\u00e4ft zu Zwecken abschlie\u00dft, die \u00fcberwiegend weder deiner gewerblichen noch deiner selbst\u00e4ndigen beruflichen T\u00e4tigkeit zugerechnet werden k\u00f6nnen.<br>1.5 Unternehmer im Sinne dieser AGB bist du als nat\u00fcrliche oder juristische Person oder als rechtsf\u00e4hige Personengesellschaft, die bei Abschluss eines Rechtsgesch\u00e4fts in Aus\u00fcbung deiner gewerblichen oder selbst\u00e4ndigen beruflichen T\u00e4tigkeit handelt.<\/p>\n<p>2) Vertragsschluss<br>2.1 Die in unserem Online-Shop enthaltenen Produktbeschreibungen stellen keine verbindlichen Angebote unsererseits dar, sondern dienen zur Abgabe eines verbindlichen Angebots durch dich.<br>2.2 Du kannst das Angebot \u00fcber das in unseren Online-Shop integrierte Online-Bestellformular abgeben. Dabei gibst du, nachdem du die ausgew\u00e4hlten Waren in den virtuellen Warenkorb gelegt und den elektronischen Bestellprozess durchlaufen hast, durch Klicken des den Bestellvorgang abschlie\u00dfenden Buttons ein rechtlich verbindliches Vertragsangebot in Bezug auf die im Warenkorb enthaltenen Waren ab. Ferner kannst du das Angebot auch per E-Mail oder per Online-Kontaktformular gegen\u00fcber uns abgeben.<br>2.3 Wir k\u00f6nnen dein Angebot innerhalb von f\u00fcnf Tagen annehmen,<br>&#8211; indem wir dir eine schriftliche Auftragsbest\u00e4tigung oder eine Auftragsbest\u00e4tigung in Textform (Fax oder E-Mail) \u00fcbermitteln, wobei insoweit der Zugang der Auftragsbest\u00e4tigung bei dir ma\u00dfgeblich ist, oder<br>&#8211; indem wir dir die bestellte Ware liefern, wobei insoweit der Zugang der Ware bei dir ma\u00dfgeblich ist, oder<br>&#8211; indem wir dich nach Abgabe deiner Bestellung zur Zahlung auffordern.<br>Liegen mehrere der vorgenannten Alternativen vor, kommt der Vertrag in dem Zeitpunkt zustande, in dem eine der vorgenannten Alternativen zuerst eintritt. Die Frist zur Annahme deines Angebots beginnt am Tag nach der Absendung deines Angebots und endet mit dem Ablauf des f\u00fcnften Tages, welcher auf die Absendung des Angebots folgt. Nehmen wir dein Angebot innerhalb vorgenannter Frist nicht an, so gilt dies als Ablehnung des Angebots mit der Folge, dass du nicht mehr an deine Willenserkl\u00e4rung gebunden bist.<br>2.4 Bei Auswahl einer von PayPal angebotenen Zahlungsart erfolgt die Zahlungsabwicklung \u00fcber den Zahlungsdienstleister PayPal (Europe) S.\u00e0 r.l. et Cie, S.C.A., 22-24 Boulevard Royal, L-2449 Luxemburg (im Folgenden: \u201ePayPal\u201c), unter Geltung der PayPal-Nutzungsbedingungen, einsehbar unter https:\/\/www.paypal.com\/de\/legalhub\/paypal\/useragreement-full oder \u2013 falls du nicht \u00fcber ein PayPal-Konto verf\u00fcgst \u2013 unter Geltung der Bedingungen f\u00fcr Zahlungen ohne PayPal-Konto, einsehbar unter https:\/\/www.paypal.com\/de\/legalhub\/paypal\/privacywax-full. Zahlst du mittels einer im Online-Bestellvorgang ausw\u00e4hlbaren von PayPal angebotenen Zahlungsart, erkl\u00e4ren wir schon jetzt die Annahme deines Angebots in dem Zeitpunkt, in dem du den Button anklickst, welcher den Bestellvorgang abschlie\u00dft.<br>2.5 Bei der Abgabe eines Angebots \u00fcber das Online-Bestellformular unseres Unternehmens wird der Vertragstext nach dem Vertragsschluss von uns gespeichert und dir nach Absendung deiner Bestellung in Textform (z. B. E-Mail, Fax oder Brief) \u00fcbermittelt. Eine dar\u00fcber hinausgehende Zug\u00e4nglichmachung des Vertragstextes durch uns erfolgt nicht. Sofern du vor Absendung deiner Bestellung ein Nutzerkonto in unserem Online-Shop eingerichtet hast, werden die Bestelldaten auf unserer Website archiviert und k\u00f6nnen von dir \u00fcber dein passwortgesch\u00fctztes Nutzerkonto unter Angabe der entsprechenden Login-Daten kostenlos abgerufen werden.<br>2.6 Vor verbindlicher Abgabe der Bestellung \u00fcber unser Online-Bestellformular kannst du m\u00f6gliche Eingabefehler durch aufmerksames Lesen der auf dem Bildschirm dargestellten Informationen erkennen. Ein wirksames technisches Mittel zur besseren Erkennung von Eingabefehlern kann dabei die Vergr\u00f6\u00dferungsfunktion deines Browsers sein, mit deren Hilfe die Darstellung auf dem Bildschirm vergr\u00f6\u00dfert wird. Deine Eingaben kannst du im Rahmen des elektronischen Bestellprozesses so lange \u00fcber die \u00fcblichen Tastatur- und Mausfunktionen korrigieren, bis du den Button anklickst, welcher den Bestellvorgang abschlie\u00dft.<br>2.7 F\u00fcr den Vertragsschluss stehen dir unterschiedliche Sprachen zur Verf\u00fcgung. Die konkrete Sprachauswahl wird im Online-Shop angezeigt.<br>2.8 Die Bestellabwicklung und Kontaktaufnahme finden in der Regel per E-Mail und automatisierter Bestellabwicklung statt. Du hast sicherzustellen, dass die von dir zur Bestellabwicklung angegebene E-Mail-Adresse zutreffend ist, so dass unter dieser Adresse die von uns versandten E-Mails empfangen werden k\u00f6nnen. Insbesondere hast du bei dem Einsatz von SPAM-Filtern sicherzustellen, dass alle von uns oder von uns mit der Bestellabwicklung beauftragten Dritten versandten E-Mails zugestellt werden k\u00f6nnen.<\/p>\n<p>3) Widerrufsrecht<br>3.1 Verbrauchern steht grunds\u00e4tzlich ein Widerrufsrecht zu.<br>3.2 N\u00e4here Informationen zum Widerrufsrecht ergeben sich aus unserer Widerrufsbelehrung.<br>3.3 Soweit nichts anderes vereinbart ist, besteht ein Widerrufsrecht nicht bei Vertr\u00e4gen zur Erbringung von Dienstleistungen im Zusammenhang mit Freizeitbet\u00e4tigungen, wenn der Vertrag f\u00fcr die Erbringung einen spezifischen Termin oder Zeitraum vorsieht. Danach ist ein Widerrufsrecht auch bei Vertr\u00e4gen ausgeschlossen, die den Verkauf von Tickets f\u00fcr termingebundene Freizeitveranstaltungen zum Gegenstand haben.<\/p><p><span style=\"font-family: Roboto; caret-color: rgb(0, 0, 0); font-size: medium; text-align: var(--text-align);\">3.4 Teilnahme, Absage und Nichterscheinen (No-Show):<\/span><\/p><p style=\"margin-right: 0cm; margin-left: 0cm; font-size: medium; font-family: &quot;Times New Roman&quot;, serif; color: rgb(0, 0, 0);\"><span style=\"font-family: Roboto; color: rgb(31, 41, 55);\">(1) Die vom Verk\u00e4ufer angebotenen Workshops und Schulungen stellen Dienstleistungen mit festem Termin oder Zeitraum dar.<o:p><\/o:p><\/span><\/p><p style=\"margin-right: 0cm; margin-left: 0cm; font-size: medium; font-family: &quot;Times New Roman&quot;, serif; color: rgb(0, 0, 0);\"><span style=\"font-family: Roboto; color: rgb(31, 41, 55);\">(2) Ein Widerrufsrecht besteht nicht, sofern der jeweilige Workshop oder die jeweilige Schulung zu einem konkret benannten Termin oder Zeitraum stattfindet und der Kunde hierauf vor Vertragsschluss ausdr\u00fccklich hingewiesen wurde.<o:p><\/o:p><\/span><\/p><p style=\"margin-right: 0cm; margin-left: 0cm; font-size: medium; font-family: &quot;Times New Roman&quot;, serif; color: rgb(0, 0, 0);\"><span style=\"font-family: Roboto; color: rgb(31, 41, 55);\">(3) Eine ordentliche Stornierung durch den Kunden ist ausgeschlossen. Der Kunde ist jedoch berechtigt, bis sp\u00e4testens 48 Stunden vor Beginn der Veranstaltung einen Ersatzteilnehmer zu benennen.<o:p><\/o:p><\/span><\/p><p style=\"margin-right: 0cm; margin-left: 0cm; font-size: medium; font-family: &quot;Times New Roman&quot;, serif; color: rgb(0, 0, 0);\"><span style=\"font-family: Roboto; color: rgb(31, 41, 55);\">(4) Erscheint der Kunde nicht oder nimmt er ohne vorherige Mitteilung nicht an der gebuchten Veranstaltung teil (No-Show), bleibt der Verg\u00fctungsanspruch des Verk\u00e4ufers in voller H\u00f6he bestehen.<o:p><\/o:p><\/span><\/p><p style=\"margin-right: 0cm; margin-left: 0cm; font-size: medium; font-family: &quot;Times New Roman&quot;, serif; color: rgb(0, 0, 0);\"><span style=\"font-family: Roboto; color: rgb(31, 41, 55);\">(5) Dies gilt unabh\u00e4ngig davon, aus welchem Grund die Nichtteilnahme erfolgt, es sei denn, der Verk\u00e4ufer hat die Nichtteilnahme allein oder \u00fcberwiegend zu vertreten.<o:p><\/o:p><\/span><\/p>\n<p>4) Preise und Zahlungsbedingungen<br>4.1 Sofern sich aus unserer Produktbeschreibung nichts anderes ergibt, handelt es sich bei den angegebenen Preisen um Gesamtpreise. Umsatzsteuer wird nicht ausgewiesen, da wir Kleinunternehmer im Sinne des UStG sind. Gegebenenfalls zus\u00e4tzlich anfallende Liefer- und Versandkosten werden in der jeweiligen Produktbeschreibung gesondert angegeben.<br>4.2 Bei Lieferungen in L\u00e4nder au\u00dferhalb der Europ\u00e4ischen Union k\u00f6nnen im Einzelfall weitere Kosten anfallen, die wir nicht zu vertreten haben und die von dir zu tragen sind. Hierzu z\u00e4hlen beispielsweise Kosten f\u00fcr die Geld\u00fcbermittlung durch Kreditinstitute (z.B. \u00dcberweisungsgeb\u00fchren, Wechselkursgeb\u00fchren) oder einfuhrrechtliche Abgaben bzw. Steuern (z.B. Z\u00f6lle). Solche Kosten k\u00f6nnen in Bezug auf die Geld\u00fcbermittlung auch dann anfallen, wenn die Lieferung nicht in ein Land au\u00dferhalb der Europ\u00e4ischen Union erfolgt, du die Zahlung aber von einem Land au\u00dferhalb der Europ\u00e4ischen Union aus vornimmst.<br>4.3 Die Zahlungsm\u00f6glichkeit\/en wird\/werden dir in unserem Online-Shop mitgeteilt.<br>4.4 Bei Auswahl der Zahlungsart SEPA-Lastschrift ist der Rechnungsbetrag nach Erteilung eines SEPA-Lastschriftmandats, nicht jedoch vor Ablauf der Frist f\u00fcr die Vorabinformation zur Zahlung f\u00e4llig. Der Einzug der Lastschrift erfolgt, wenn die bestellte Ware unser Lager verl\u00e4sst, nicht jedoch vor Ablauf der Frist f\u00fcr die Vorabinformation. Vorabinformation (&#8220;Pre-Notification&#8221;) ist jede Mitteilung (z.B. Rechnung, Police, Vertrag) von uns an dich, die eine Belastung mittels SEPA-Lastschrift ank\u00fcndigt. Wird die Lastschrift mangels ausreichender Kontodeckung oder aufgrund der Angabe einer falschen Bankverbindung nicht eingel\u00f6st oder widersprichst du der Abbuchung, obwohl du hierzu nicht berechtigt bist, hast du die durch die R\u00fcckbuchung des jeweiligen Kreditinstituts entstehenden Geb\u00fchren zu tragen, wenn du dies zu vertreten hast. Wir behalten uns vor, bei Auswahl der Zahlungsart SEPA-Lastschrift eine Bonit\u00e4tspr\u00fcfung durchzuf\u00fchren und diese Zahlungsart bei negativer Bonit\u00e4tspr\u00fcfung abzulehnen.<br>4.5 Bei Auswahl der Zahlungsart \u201ePayPal Lastschrift\u201c zieht PayPal den Rechnungsbetrag nach Erteilung eines SEPA-Lastschriftmandats, nicht jedoch vor Ablauf der Frist f\u00fcr die Vorabinformation in unserem Auftrag von deinem Bankkonto ein. Vorabinformation (&#8220;Pre-Notification&#8221;) ist jede Mitteilung (z.B. Rechnung, Police, Vertrag) an dich, die eine Belastung mittels SEPA-Lastschrift ank\u00fcndigt. Wird die Lastschrift mangels ausreichender Kontodeckung oder aufgrund der Angabe einer falschen Bankverbindung nicht eingel\u00f6st oder widersprichst du der Abbuchung, obwohl du hierzu nicht berechtigt bist, hast du die durch die R\u00fcckbuchung des jeweiligen Kreditinstituts entstehenden Geb\u00fchren zu tragen, wenn du dies zu vertreten hast.<\/p>\n<p>5) Liefer- und Versandbedingungen<br>5.1 Bieten wir den Versand der Ware an, so erfolgt die Lieferung innerhalb des von uns angegebenen Liefergebietes an die von dir angegebene Lieferanschrift, sofern nichts anderes vereinbart ist. Bei der Abwicklung der Transaktion ist die in unserer Bestellabwicklung angegebene Lieferanschrift ma\u00dfgeblich. Abweichend hiervon ist bei Auswahl der Zahlungsart PayPal die von dir zum Zeitpunkt der Bezahlung bei PayPal hinterlegte Lieferanschrift ma\u00dfgeblich.<br>5.2 Scheitert die Zustellung der Ware aus Gr\u00fcnden, die du zu vertreten hast, tr\u00e4gst du die uns hierdurch entstehenden angemessenen Kosten. Dies gilt im Hinblick auf die Kosten f\u00fcr die Hinsendung nicht, wenn du dein Widerrufsrecht wirksam aus\u00fcbst. F\u00fcr die R\u00fccksendekosten gilt bei wirksamer Aus\u00fcbung des Widerrufsrechts durch dich die in unserer Widerrufsbelehrung hierzu getroffene Regelung.<br>5.3 Handelst du als Unternehmer, geht die Gefahr des zuf\u00e4lligen Untergangs und der zuf\u00e4lligen Verschlechterung der verkauften Ware auf dich \u00fcber, sobald wir die Sache dem Spediteur, dem Frachtf\u00fchrer oder der sonst zur Ausf\u00fchrung der Versendung bestimmten Person oder Anstalt ausgeliefert haben. Handelst du als Verbraucher, geht die Gefahr des zuf\u00e4lligen Untergangs und der zuf\u00e4lligen Verschlechterung der verkauften Ware grunds\u00e4tzlich erst mit \u00dcbergabe der Ware an dich oder eine empfangsberechtigte Person \u00fcber. Abweichend hiervon geht die Gefahr des zuf\u00e4lligen Untergangs und der zuf\u00e4lligen Verschlechterung der verkauften Ware auch wenn du als Verbraucher handelst bereits auf dich \u00fcber, sobald wir die Sache dem Spediteur, dem Frachtf\u00fchrer oder der sonst zur Ausf\u00fchrung der Versendung bestimmten Person oder Anstalt ausgeliefert haben, wenn du den Spediteur, den Frachtf\u00fchrer oder die sonst zur Ausf\u00fchrung der Versendung bestimmte Person oder Anstalt mit der Ausf\u00fchrung beauftragt hast und wir dir diese Person oder Anstalt zuvor nicht benannt haben.<br>5.4 Wir behalten uns das Recht vor, im Falle nicht richtiger oder nicht ordnungsgem\u00e4\u00dfer Selbstbelieferung vom Vertrag zur\u00fcckzutreten. Dies gilt nur f\u00fcr den Fall, dass die Nichtlieferung nicht von uns zu vertreten ist und wir mit der gebotenen Sorgfalt ein konkretes Deckungsgesch\u00e4ft mit dem Zulieferer abgeschlossen haben. Wir werden alle zumutbaren Anstrengungen unternehmen, um die Ware zu beschaffen. Im Falle der Nichtverf\u00fcgbarkeit oder der nur teilweisen Verf\u00fcgbarkeit der Ware wirst du unverz\u00fcglich informiert und die Gegenleistung wird dir unverz\u00fcglich erstattet.<br>5.5 Selbstabholung ist aus logistischen Gr\u00fcnden nicht m\u00f6glich.<br>5.6 Digitale Inhalte werden dir wie folgt bereitgestellt:<br>&#8211; per Direktzugriff \u00fcber unsere Website<br>&#8211; per Download<br>&#8211; per E-Mail<\/p>\n<p>6) Einr\u00e4umung von Nutzungsrechten f\u00fcr digitale Inhalte<br>6.1 Sofern sich aus der Inhaltsbeschreibung in unserem Online-Shop nichts anderes ergibt, r\u00e4umen wir dir an den bereitgestellten Inhalten das nicht ausschlie\u00dfliche, \u00f6rtlich und zeitlich unbeschr\u00e4nkte Recht ein, die Inhalte ausschlie\u00dflich zu privaten Zwecken zu nutzen.<br>6.2 Eine Weitergabe der Inhalte an Dritte oder die Erstellung von Kopien f\u00fcr Dritte au\u00dferhalb des Rahmens dieser AGB ist nicht gestattet, soweit wir nicht einer \u00dcbertragung der vertragsgegenst\u00e4ndlichen Lizenz an den Dritten zugestimmt haben.<br>6.3 Soweit sich der Vertrag auf die einmalige Bereitstellung eines digitalen Inhalts bezieht, wird die Rechtseinr\u00e4umung erst wirksam, wenn du die vertraglich geschuldete Verg\u00fctung vollst\u00e4ndig geleistet hast. Wir k\u00f6nnen eine Benutzung der vertragsgegenst\u00e4ndlichen Inhalte auch schon vor diesem Zeitpunkt vorl\u00e4ufig erlauben. Ein \u00dcbergang der Rechte findet durch eine solche vorl\u00e4ufige Erlaubnis nicht statt.<\/p>\n<p>7) Eigentumsvorbehalt<br>Treten wir in Vorleistung, behalten wir uns bis zur vollst\u00e4ndigen Bezahlung des geschuldeten Kaufpreises das Eigentum an der gelieferten Ware vor.<\/p>\n<p>8) M\u00e4ngelhaftung (Gew\u00e4hrleistung)<br>Soweit sich aus den nachfolgenden Regelungen nichts anderes ergibt, gelten die Vorschriften der gesetzlichen M\u00e4ngelhaftung. Hiervon abweichend gilt bei Vertr\u00e4gen zur Lieferung von Waren:<br>8.1 Handelst Du als Unternehmer,<br>&#8211; haben wir die Wahl der Art der Nacherf\u00fcllung;<br>&#8211; betr\u00e4gt bei neuen Waren die Verj\u00e4hrungsfrist f\u00fcr M\u00e4ngelrechte ein Jahr ab Ablieferung der Ware;<br>&#8211; sind bei gebrauchten Waren die M\u00e4ngelrechte ausgeschlossen;<br>&#8211; beginnt die Verj\u00e4hrung nicht erneut, wenn im Rahmen der M\u00e4ngelhaftung eine Ersatzlieferung erfolgt.<br>8.2 Die vorstehend geregelten Haftungsbeschr\u00e4nkungen und Fristverk\u00fcrzungen gelten nicht<br>&#8211; f\u00fcr Deine Schadensersatz- und Aufwendungsersatzanspr\u00fcche,<br>&#8211; f\u00fcr den Fall, dass wir den Mangel arglistig verschwiegen haben,<br>&#8211; f\u00fcr Waren, die entsprechend ihrer \u00fcblichen Verwendungsweise f\u00fcr ein Bauwerk verwendet worden sind und dessen Mangelhaftigkeit verursacht haben,<br>&#8211; f\u00fcr eine ggf. bestehende Verpflichtung von uns zur Bereitstellung von Aktualisierungen f\u00fcr digitale Produkte, bei Vertr\u00e4gen zur Lieferung von Waren mit digitalen Elementen.<br>8.3 Dar\u00fcber hinaus gilt f\u00fcr Unternehmer, dass die gesetzlichen Verj\u00e4hrungsfristen f\u00fcr einen ggf. bestehenden gesetzlichen R\u00fcckgriffsanspruch unber\u00fchrt bleiben.<br>8.4 Handelst du als Kaufmann i.S.d. \u00a7 1 HGB, trifft dich die kaufm\u00e4nnische Untersuchungs- und R\u00fcgepflicht gem\u00e4\u00df \u00a7 377 HGB. Unterl\u00e4sst du die dort geregelten Anzeigepflichten, gilt die Ware als genehmigt.<br>8.5 Handelt du als Verbraucher, so wirst du gebeten, angelieferte Waren mit offensichtlichen Transportsch\u00e4den bei dem Zusteller zu reklamieren und uns hiervon in Kenntnis zu setzen. Kommst du dem nicht nach, hat dies keinerlei Auswirkungen auf deine gesetzlichen oder vertraglichen M\u00e4ngelanspr\u00fcche.<\/p>\n<p>9) Haftung<br>Der Verk\u00e4ufer haftet dir aus allen vertraglichen, vertrags\u00e4hnlichen und gesetzlichen, auch deliktischen Anspr\u00fcchen auf Schadens- und Aufwendungsersatz wie folgt:<br>9.1 Wir haften aus jedem Rechtsgrund uneingeschr\u00e4nkt<br>&#8211; bei Vorsatz oder grober Fahrl\u00e4ssigkeit,<br>&#8211; bei vors\u00e4tzlicher oder fahrl\u00e4ssiger Verletzung des Lebens, des K\u00f6rpers oder der Gesundheit,<br>&#8211; aufgrund eines Garantieversprechens, soweit diesbez\u00fcglich nichts anderes geregelt ist,<br>&#8211; aufgrund zwingender Haftung wie etwa nach dem Produkthaftungsgesetz.<br>9.2 Wenn wir fahrl\u00e4ssig eine wesentliche Vertragspflicht verletzen, ist die Haftung auf den vertragstypischen, vorhersehbaren Schaden begrenzt, sofern wir nicht gem\u00e4\u00df vorstehender Ziffer unbeschr\u00e4nkt haften. Wesentliche Vertragspflichten sind Pflichten, die der Vertrag uns nach seinem Inhalt zur Erreichung des Vertragszwecks auferlegt, deren Erf\u00fcllung die ordnungsgem\u00e4\u00dfe Durchf\u00fchrung des Vertrags \u00fcberhaupt erst erm\u00f6glicht und auf deren Einhaltung du regelm\u00e4\u00dfig vertrauen darfst.<br>9.3 Im \u00dcbrigen ist eine Haftung von uns ausgeschlossen.<br>9.4 Vorstehende Haftungsregelungen gelten auch im Hinblick auf unsere Haftung f\u00fcr unsere Erf\u00fcllungsgehilfen und gesetzlichen Vertreter.<\/p>\n<p>10) Anwendbares Recht<br>F\u00fcr s\u00e4mtliche Rechtsbeziehungen zwischen dir und uns gilt das Recht der Bundesrepublik Deutschland unter Ausschluss der Gesetze \u00fcber den internationalen Kauf beweglicher Waren. Wenn du als Verbraucher handelst, gilt diese Rechtswahl nur insoweit, als nicht der dir gew\u00e4hrte Schutz durch zwingende Bestimmungen des Rechts des Staates, in dem du deinen gew\u00f6hnlichen Aufenthalt hast, entzogen wird.<\/p>\n<p>11) Alternative Streitbeilegung<br>Wir sind zur Teilnahme an einem Streitbeilegungsverfahren vor einer Verbraucherschlichtungsstelle weder verpflichtet noch bereit.<\/p>\n<p>Copyright-Hinweis: Diese AGB wurden von den Fachanw\u00e4lten der IT-Recht Kanzlei erstellt und sind urheberrechtlich gesch\u00fctzt (https:\/\/www.it-recht-kanzlei.de)<\/p>\n<p>Stand: 24.04.2026, 20:40:55<\/p>\n<p><\/p>\t\t\t\t\t\t\t\t<\/div>\n\t\t\t\t<\/div>\n\t\t\t\t\t<\/div>\n\t\t\t\t<\/div>\n\t\t\t\t<\/div>\n\t\t","protected":false},"excerpt":{"rendered":"<p>Inhaltsverzeichnis\u2013\u2013\u2013\u2013\u2013\u2013\u2013\u2013\u2013\u2013\u2013\u2013\u2013\u2013\u2013\u2013\u2013\u20131. Geltungsbereich2. Vertragsschluss3. Widerrufsrecht4. Preise und Zahlungsbedingungen5. Liefer- und Versandbedingungen6. Einr\u00e4umung von Nutzungsrechten f\u00fcr digitale Inhalte7. Eigentumsvorbehalt8. M\u00e4ngelhaftung (Gew\u00e4hrleistung)9. Haftung10. Anwendbares Recht11. Alternative Streitbeilegung 1) Geltungsbereich1.1 Diese Allgemeinen Gesch\u00e4ftsbedingungen (nachfolgend &#8220;AGB&#8221;) der Nadine Roggensack, handelnd unter \u201eUnternehmensberatung Nadine Roggensack\u201c (nachfolgend &#8220;wir\/uns&#8221;), gelten f\u00fcr alle Vertr\u00e4ge zur Lieferung von Waren, die du als Verbraucher oder Unternehmer [&hellip;]<\/p>\n","protected":false},"author":1,"featured_media":0,"parent":0,"menu_order":0,"comment_status":"closed","ping_status":"closed","template":"elementor_header_footer","meta":{"footnotes":""},"class_list":["post-1422","page","type-page","status-publish","hentry"],"_links":{"self":[{"href":"https:\/\/neuroexzellenz.de\/en\/wp-json\/wp\/v2\/pages\/1422","targetHints":{"allow":["GET"]}}],"collection":[{"href":"https:\/\/neuroexzellenz.de\/en\/wp-json\/wp\/v2\/pages"}],"about":[{"href":"https:\/\/neuroexzellenz.de\/en\/wp-json\/wp\/v2\/types\/page"}],"author":[{"embeddable":true,"href":"https:\/\/neuroexzellenz.de\/en\/wp-json\/wp\/v2\/users\/1"}],"replies":[{"embeddable":true,"href":"https:\/\/neuroexzellenz.de\/en\/wp-json\/wp\/v2\/comments?post=1422"}],"version-history":[{"count":33,"href":"https:\/\/neuroexzellenz.de\/en\/wp-json\/wp\/v2\/pages\/1422\/revisions"}],"predecessor-version":[{"id":2882,"href":"https:\/\/neuroexzellenz.de\/en\/wp-json\/wp\/v2\/pages\/1422\/revisions\/2882"}],"wp:attachment":[{"href":"https:\/\/neuroexzellenz.de\/en\/wp-json\/wp\/v2\/media?parent=1422"}],"curies":[{"name":"wp","href":"https:\/\/api.w.org\/{rel}","templated":true}]}}